{"id":464,"date":"2023-01-04T10:06:47","date_gmt":"2023-01-04T10:06:47","guid":{"rendered":"https:\/\/amazing-ritchie.82-223-64-3.plesk.page\/?post_type=product&#038;p=464"},"modified":"2025-02-10T09:27:20","modified_gmt":"2025-02-10T09:27:20","slug":"browning-catalogo","status":"publish","type":"product","link":"https:\/\/amazing-ritchie.82-223-64-3.plesk.page\/?product=browning-catalogo","title":{"rendered":"Browning Cat\u00e1logo"},"content":{"rendered":"","protected":false},"excerpt":{"rendered":"<p>Pulsar bot\u00f3n para ir a descargar los cat\u00e1logos gratis<\/p>\n","protected":false},"featured_media":470,"comment_status":"open","ping_status":"closed","template":"","meta":[],"product_brand":[],"product_cat":[55],"product_tag":[],"class_list":{"0":"post-464","1":"product","2":"type-product","3":"status-publish","4":"has-post-thumbnail","6":"product_cat-fn-herstal-group","8":"first","9":"instock","10":"taxable","11":"shipping-taxable","12":"product-type-external"},"_links":{"self":[{"href":"https:\/\/amazing-ritchie.82-223-64-3.plesk.page\/index.php?rest_route=\/wp\/v2\/product\/464","targetHints":{"allow":["GET"]}}],"collection":[{"href":"https:\/\/amazing-ritchie.82-223-64-3.plesk.page\/index.php?rest_route=\/wp\/v2\/product"}],"about":[{"href":"https:\/\/amazing-ritchie.82-223-64-3.plesk.page\/index.php?rest_route=\/wp\/v2\/types\/product"}],"replies":[{"embeddable":true,"href":"https:\/\/amazing-ritchie.82-223-64-3.plesk.page\/index.php?rest_route=%2Fwp%2Fv2%2Fcomments&post=464"}],"wp:featuredmedia":[{"embeddable":true,"href":"https:\/\/amazing-ritchie.82-223-64-3.plesk.page\/index.php?rest_route=\/wp\/v2\/media\/470"}],"wp:attachment":[{"href":"https:\/\/amazing-ritchie.82-223-64-3.plesk.page\/index.php?rest_route=%2Fwp%2Fv2%2Fmedia&parent=464"}],"wp:term":[{"taxonomy":"product_brand","embeddable":true,"href":"https:\/\/amazing-ritchie.82-223-64-3.plesk.page\/index.php?rest_route=%2Fwp%2Fv2%2Fproduct_brand&post=464"},{"taxonomy":"product_cat","embeddable":true,"href":"https:\/\/amazing-ritchie.82-223-64-3.plesk.page\/index.php?rest_route=%2Fwp%2Fv2%2Fproduct_cat&post=464"},{"taxonomy":"product_tag","embeddable":true,"href":"https:\/\/amazing-ritchie.82-223-64-3.plesk.page\/index.php?rest_route=%2Fwp%2Fv2%2Fproduct_tag&post=464"}],"curies":[{"name":"wp","href":"https:\/\/api.w.org\/{rel}","templated":true}]}}