{"id":433,"date":"2023-01-03T19:05:38","date_gmt":"2023-01-03T19:05:38","guid":{"rendered":"https:\/\/amazing-ritchie.82-223-64-3.plesk.page\/?post_type=product&#038;p=433"},"modified":"2025-02-10T09:26:41","modified_gmt":"2025-02-10T09:26:41","slug":"cci-catalogo","status":"publish","type":"product","link":"https:\/\/amazing-ritchie.82-223-64-3.plesk.page\/?product=cci-catalogo","title":{"rendered":"CCI Cat\u00e1logo"},"content":{"rendered":"","protected":false},"excerpt":{"rendered":"<p>Pulsar bot\u00f3n para ir al cat\u00e1logo gratis<\/p>\n","protected":false},"featured_media":493,"comment_status":"open","ping_status":"closed","template":"","meta":[],"product_brand":[],"product_cat":[28],"product_tag":[57],"class_list":{"0":"post-433","1":"product","2":"type-product","3":"status-publish","4":"has-post-thumbnail","6":"product_cat-cci","7":"product_tag-catalogo","9":"first","10":"instock","11":"taxable","12":"shipping-taxable","13":"product-type-external"},"_links":{"self":[{"href":"https:\/\/amazing-ritchie.82-223-64-3.plesk.page\/index.php?rest_route=\/wp\/v2\/product\/433","targetHints":{"allow":["GET"]}}],"collection":[{"href":"https:\/\/amazing-ritchie.82-223-64-3.plesk.page\/index.php?rest_route=\/wp\/v2\/product"}],"about":[{"href":"https:\/\/amazing-ritchie.82-223-64-3.plesk.page\/index.php?rest_route=\/wp\/v2\/types\/product"}],"replies":[{"embeddable":true,"href":"https:\/\/amazing-ritchie.82-223-64-3.plesk.page\/index.php?rest_route=%2Fwp%2Fv2%2Fcomments&post=433"}],"wp:featuredmedia":[{"embeddable":true,"href":"https:\/\/amazing-ritchie.82-223-64-3.plesk.page\/index.php?rest_route=\/wp\/v2\/media\/493"}],"wp:attachment":[{"href":"https:\/\/amazing-ritchie.82-223-64-3.plesk.page\/index.php?rest_route=%2Fwp%2Fv2%2Fmedia&parent=433"}],"wp:term":[{"taxonomy":"product_brand","embeddable":true,"href":"https:\/\/amazing-ritchie.82-223-64-3.plesk.page\/index.php?rest_route=%2Fwp%2Fv2%2Fproduct_brand&post=433"},{"taxonomy":"product_cat","embeddable":true,"href":"https:\/\/amazing-ritchie.82-223-64-3.plesk.page\/index.php?rest_route=%2Fwp%2Fv2%2Fproduct_cat&post=433"},{"taxonomy":"product_tag","embeddable":true,"href":"https:\/\/amazing-ritchie.82-223-64-3.plesk.page\/index.php?rest_route=%2Fwp%2Fv2%2Fproduct_tag&post=433"}],"curies":[{"name":"wp","href":"https:\/\/api.w.org\/{rel}","templated":true}]}}