{"id":1728,"date":"2023-09-24T11:39:02","date_gmt":"2023-09-24T11:39:02","guid":{"rendered":"https:\/\/amazing-ritchie.82-223-64-3.plesk.page\/?post_type=product&#038;p=1728"},"modified":"2023-10-01T09:00:38","modified_gmt":"2023-10-01T09:00:38","slug":"223-remington-55-gr-fmj","status":"publish","type":"product","link":"https:\/\/amazing-ritchie.82-223-64-3.plesk.page\/?product=223-remington-55-gr-fmj","title":{"rendered":".223 REMINGTON 55 gr. FMJ"},"content":{"rendered":"<p>.223 REMINGTON 55 gr. FMJ, Precio 0,398 \u20ac\/bala, IVA 0, no incluido transporte<\/p>\n<p>Munici\u00f3n de rifle<br \/>\nC\u00f3digo 223-NORMA<br \/>\n.223 REMINGTON 55 gr. FMJ<\/p>\n<p>Estamos ofreciendo munici\u00f3n 223 REMINGTON de un renombrado fabricante sueco norma. La bala FMJ BT de 55 gr., los casquillos de lat\u00f3n de alta calidad y la carga muy precisa hacen de este cartucho la elecci\u00f3n perfecta no s\u00f3lo para sesiones de entrenamiento t\u00e1ctico de alta intensidad, sino tambi\u00e9n para disparos m\u00e1s precisos a distancia.<\/p>\n<div class=\"parameters\">\n<div class=\"container\"><\/div>\n<div class=\"container\">\n<div class=\"row\">\n<div class=\"col-md-3 col-6\">\n<div class=\"parameters\">\n<div class=\"container\"><\/div>\n<div class=\"container\">\n<div class=\"row\">\n<div class=\"col-md-3 col-6\">Par\u00e1metros de la munici\u00f3n<br \/>\nBala 55 gr. FMJ<br \/>\nVelocidad 998 m\/s<br \/>\nEnerg\u00eda 1754 J<br \/>\nFactor de potencia 178 IPSC<\/div>\n<div><\/div>\n<\/div>\n<\/div>\n<div>\n<p>.223 REMINGTON Nuevo de f\u00e1brica, Munici\u00f3n de rifle &#8211; 30 balas\u00a0 292,56 CZK =<span class=\"DFlfde SwHCTb\" data-precision=\"2\" data-value=\"11.959365661269599\">11,96<\/span>\u20ac\u00a0<span class=\"MWvIVe nGP2Tb\" data-mid=\"\/m\/02l6h\" data-name=\"EUR\">\u00a0<\/span>sin IVA, no incluye transporte.<\/p>\n<p>.223 REMINGTON Nuevo de f\u00e1brica, Munici\u00f3n de rifle &#8211; 900 balas 8 601,32 CZK= <span class=\"DFlfde SwHCTb\" data-precision=\"2\" data-value=\"351.60763962808113\">351,61<\/span>\u20ac\u00a0<span class=\"MWvIVe nGP2Tb\" data-mid=\"\/m\/02l6h\" data-name=\"EUR\">\u00a0<\/span>sin IVA, no incluye transporte<\/p>\n<\/div>\n<\/div>\n<\/div>\n<\/div>\n<\/div>\n<\/div>\n","protected":false},"excerpt":{"rendered":"<p>.223 REMINGTON 55 gr. FMJ, Precio 0,398 \u20ac\/bala, IVA 0, no incluido transporte<\/p>\n<p>Munici\u00f3n de rifle<br \/>\nC\u00f3digo 223-NORMA<br \/>\n.223 REMINGTON 55 gr. FMJ<\/p>\n<p>Estamos ofreciendo munici\u00f3n 223 REMINGTON de un renombrado fabricante sueco norma. La bala FMJ BT de 55 gr., los casquillos de lat\u00f3n de alta calidad y la carga muy precisa hacen de este cartucho la elecci\u00f3n perfecta no s\u00f3lo para sesiones de entrenamiento t\u00e1ctico de alta intensidad, sino tambi\u00e9n para disparos m\u00e1s precisos a distancia.<\/p>\n<div class=\"parameters\">\n<div class=\"container\"><\/div>\n<div class=\"container\">\n<div class=\"row\">\n<div class=\"col-md-3 col-6\">\n<div class=\"parameters\">\n<div class=\"container\"><\/div>\n<div class=\"container\">\n<div class=\"row\">\n<div class=\"col-md-3 col-6\">Par\u00e1metros de la munici\u00f3n<br \/>\nBala 55 gr. FMJ<br \/>\nVelocidad 998 m\/s<br \/>\nEnerg\u00eda 1754 J<br \/>\nFactor de potencia 178 IPSC<\/div>\n<\/div>\n<\/div>\n<div>\n<p>.223 REMINGTON Nuevo de f\u00e1brica, Munici\u00f3n de rifle &#8211; 30 balas\u00a0 292,56 CZK =<span class=\"DFlfde SwHCTb\" data-precision=\"2\" data-value=\"11.959365661269599\">11,96\u20ac\u00a0<\/span><span class=\"MWvIVe nGP2Tb\" data-mid=\"\/m\/02l6h\" data-name=\"EUR\">\u00a0<\/span>sin IVA, no incluye transporte.<\/p>\n<p>.223 REMINGTON Nuevo de f\u00e1brica, Munici\u00f3n de rifle &#8211; 900 balas 8 601,32 CZK= <span class=\"DFlfde SwHCTb\" data-precision=\"2\" data-value=\"351.60763962808113\">351,61\u20ac\u00a0<\/span><span class=\"MWvIVe nGP2Tb\" data-mid=\"\/m\/02l6h\" data-name=\"EUR\">\u00a0<\/span>sin IVA, no incluye transporte<\/p>\n<\/div>\n<\/div>\n<\/div>\n<\/div>\n<\/div>\n<\/div>\n","protected":false},"featured_media":1729,"comment_status":"open","ping_status":"closed","template":"","meta":[],"product_brand":[],"product_cat":[82],"product_tag":[],"class_list":{"0":"post-1728","1":"product","2":"type-product","3":"status-publish","4":"has-post-thumbnail","6":"product_cat-getload","8":"first","9":"instock","10":"taxable","11":"shipping-taxable","12":"purchasable","13":"product-type-simple"},"_links":{"self":[{"href":"https:\/\/amazing-ritchie.82-223-64-3.plesk.page\/index.php?rest_route=\/wp\/v2\/product\/1728","targetHints":{"allow":["GET"]}}],"collection":[{"href":"https:\/\/amazing-ritchie.82-223-64-3.plesk.page\/index.php?rest_route=\/wp\/v2\/product"}],"about":[{"href":"https:\/\/amazing-ritchie.82-223-64-3.plesk.page\/index.php?rest_route=\/wp\/v2\/types\/product"}],"replies":[{"embeddable":true,"href":"https:\/\/amazing-ritchie.82-223-64-3.plesk.page\/index.php?rest_route=%2Fwp%2Fv2%2Fcomments&post=1728"}],"wp:featuredmedia":[{"embeddable":true,"href":"https:\/\/amazing-ritchie.82-223-64-3.plesk.page\/index.php?rest_route=\/wp\/v2\/media\/1729"}],"wp:attachment":[{"href":"https:\/\/amazing-ritchie.82-223-64-3.plesk.page\/index.php?rest_route=%2Fwp%2Fv2%2Fmedia&parent=1728"}],"wp:term":[{"taxonomy":"product_brand","embeddable":true,"href":"https:\/\/amazing-ritchie.82-223-64-3.plesk.page\/index.php?rest_route=%2Fwp%2Fv2%2Fproduct_brand&post=1728"},{"taxonomy":"product_cat","embeddable":true,"href":"https:\/\/amazing-ritchie.82-223-64-3.plesk.page\/index.php?rest_route=%2Fwp%2Fv2%2Fproduct_cat&post=1728"},{"taxonomy":"product_tag","embeddable":true,"href":"https:\/\/amazing-ritchie.82-223-64-3.plesk.page\/index.php?rest_route=%2Fwp%2Fv2%2Fproduct_tag&post=1728"}],"curies":[{"name":"wp","href":"https:\/\/api.w.org\/{rel}","templated":true}]}}